{"id":2,"date":"2024-01-29T21:38:58","date_gmt":"2024-01-29T20:38:58","guid":{"rendered":"https:\/\/organizacja.home.pl\/prointelia\/?page_id=2"},"modified":"2026-04-19T13:11:24","modified_gmt":"2026-04-19T11:11:24","slug":"o-nas","status":"publish","type":"page","link":"https:\/\/prointelia.pl\/index.php\/o-nas\/","title":{"rendered":"o nas"},"content":{"rendered":"<div class=\"wpb-content-wrapper\"><p>[vc_row][vc_column][\/vc_column][\/vc_row][vc_row][vc_column][vc_empty_space][\/vc_column][\/vc_row][vc_row][vc_column][vc_column_text css=&#8221;&#8221;]<\/p>\n<h1>Kim jeste\u015bmy<\/h1>\n<p><span class=\"TextRun SCXP157127656 BCX0\" lang=\"PL\" xml:lang=\"PL\" data-usefontface=\"false\" data-contrast=\"none\"><span class=\"NormalTextRun SCXP157127656 BCX0\">Prointelia to polska firma zajmuj\u0105ca si\u0119 outsourcingiem pracownik\u00f3w oraz zapewnieniem <\/span><\/span><span class=\"TextRun SCXP157127656 BCX0\" lang=\"PL\" xml:lang=\"PL\" data-usefontface=\"false\" data-contrast=\"none\"><span class=\"NormalTextRun SCXP157127656 BCX0\">us\u0142ug niezb\u0119dnych w bran\u017cy automotive.<br \/>\nRozpoznaj\u0105c znacz\u0105ce braki na rynku, od 2018 <\/span><\/span><span class=\"TextRun SCXP157127656 BCX0\" lang=\"PL\" xml:lang=\"PL\" data-usefontface=\"false\" data-contrast=\"none\"><span class=\"NormalTextRun SCXP157127656 BCX0\">roku, tworzymy rozwi\u0105zania dopasowane do klient\u00f3w, zapewniaj\u0105c najwy\u017csz\u0105 jako\u015b\u0107<br \/>\nus\u0142ug <\/span><\/span><span class=\"TextRun SCXP157127656 BCX0\" lang=\"PL\" xml:lang=\"PL\" data-usefontface=\"false\" data-contrast=\"none\"><span class=\"NormalTextRun SCXP157127656 BCX0\">i standaryzacj\u0119 proces\u00f3w, oferuj\u0105c stabilno\u015b\u0107 oraz transparentno\u015b\u0107 wykonywanych <\/span><\/span><span class=\"TextRun SCXP157127656 BCX0\" lang=\"PL\" xml:lang=\"PL\" data-usefontface=\"false\" data-contrast=\"none\"><span class=\"NormalTextRun SCXP157127656 BCX0\">\u015bwiadcze\u0144. Dzi\u0119ki naszym rozwi\u0105zaniom,<br \/>\nkontrahenci nie maj\u0105 potrzeby skupiania si\u0119 na <\/span><\/span><span class=\"TextRun SCXP157127656 BCX0\" lang=\"PL\" xml:lang=\"PL\" data-usefontface=\"false\" data-contrast=\"none\"><span class=\"NormalTextRun SCXP157127656 BCX0\">sprawach pobocznych i szukaniu tymczasowych, cz\u0119sto niepewnych rozwi\u0105za\u0144,<br \/>\na mog\u0105 <\/span><\/span><span class=\"TextRun SCXP157127656 BCX0\" lang=\"PL\" xml:lang=\"PL\" data-usefontface=\"false\" data-contrast=\"none\"><span class=\"NormalTextRun SCXP157127656 BCX0\">skupi\u0107 si\u0119 na rozwoju swojego biznesu. Naszym celem jest przedefiniowanie znaczenia i <\/span><\/span><span class=\"TextRun SCXP157127656 BCX0\" lang=\"PL\" xml:lang=\"PL\" data-usefontface=\"false\" data-contrast=\"none\"><span class=\"NormalTextRun SCXP157127656 BCX0\">op\u0142acalno\u015bci outsourceingu w Polsce,<br \/>\npokazuj\u0105c, \u017ce nie tylko jest to wygodniejsze <\/span><\/span><span class=\"TextRun SCXP157127656 BCX0\" lang=\"PL\" xml:lang=\"PL\" data-usefontface=\"false\" data-contrast=\"none\"><span class=\"NormalTextRun SCXP157127656 BCX0\">rozwi\u0105zanie, ale r\u00f3wnie\u017c bardziej op\u0142acalne.<\/span><\/span><\/p>\n<h1><\/h1>\n<h1>Co oferujemy<\/h1>\n<p>\u200bZapewniamy us\u0142ugi dostosowane w pe\u0142ni pod potrzeby i wymagania klienta, dostosowuj\u0105c zakres dzia\u0142a\u0144<br \/>\noraz liczb\u0119 personelu w celu uzyskania pe\u0142nej satysfakcji, ci\u0105g\u0142o\u015bci i op\u0142acalno\u015bci biznesu. \u200b Zajmujemy si\u0119 m.in.:\u200b<\/p>\n<ul>\n<li>Profesjonalnym czyszczeniem pojazd\u00f3w oraz przygotowaniem ich do sprzeda\u017cy\u200b.<\/li>\n<li>Rozklejaniem pojazd\u00f3w z oznacze\u0144 reklamowych\u200b.<\/li>\n<li>Wykonujemy korekty lakieru celem zwi\u0119kszenia warto\u015bci pojazdu\u200b.<\/li>\n<li>Nak\u0142adaniem pow\u0142ok ochronnych\/ wosk\u00f3w na lakier pojazdu\u200b.<\/li>\n<li>Wykonywaniem profesjonalnych zdj\u0119\u0107 handlowych wed\u0142ug okre\u015blonego standardu\u200b.<\/li>\n<li>Tworzymy certyfikaty pojazd\u00f3w uwzgl\u0119dniaj\u0105ce stan i grubo\u015b\u0107 pow\u0142oki lakierniczej,<br \/>\nuszkodzenia ponadnormatywne, stan faktyczny pojazdu, weryfikujemy dzia\u0142anie<br \/>\nwyposa\u017cenia pojazdu.\u200b<\/li>\n<li>Koordynujemy umawianie oraz dostarczanie pojazd\u00f3w do wybranych serwis\u00f3w\u200b.<\/li>\n<li>Wykonujemy jazdy testowe z klientami, prezentacj\u0119 samochod\u00f3w\u200b.<\/li>\n<li>Wystawiamy pojazdy na portale sprzeda\u017cowe m.in. OTOMOTO, pilnuj\u0105c r\u00f3\u017cnorodno\u015bci<br \/>\nog\u0142osze\u0144 dla uzyskania optymalizacji koszt\u00f3w\u200b.<\/li>\n<li>Prowadzimy ewidencj\u0119 placu, wykonujemy protoko\u0142y przyj\u0119cia\/odbioru samochodu\u200b.<\/li>\n<\/ul>\n<p>Wsp\u00f3\u0142pracujemy z firmami zapewniaj\u0105cymi us\u0142ugi transportowe, dzi\u0119ki czemu jeste\u015bmy<br \/>\nw stanie od A do Z zapewni\u0107 transport pojazdu w dowolne miejsce w Polsce.<\/p>\n<h1><\/h1>\n<h1>Dlaczego my<\/h1>\n<ul>\n<li>\u200bPosiadamy wieloletnie i bogate do\u015bwiadczenie w bran\u017cy\u200b.<\/li>\n<li>Rozumiemy biznes, znamy oczekiwania i realia wsp\u00f3\u0142pracy\u200b.<\/li>\n<li>Bezpiecze\u0144stwo &#8211; dzi\u0119ki nam, nie ma potrzeby przejmowania si\u0119 ci\u0105g\u0142o\u015bci\u0105 dzia\u0142ania firmy,<br \/>\nw przypadku urlop\u00f3w, d\u0142u\u017cszych nieobecno\u015bci zapewniamy przeszkolon\u0105 osob\u0119 na zast\u0119pstwo\u200b.<\/li>\n<li>Dostosowujemy si\u0119 w pe\u0142ni pod wymagania i oczekiwania klienta\u200b.<\/li>\n<li>Jeste\u015bmy przygotowani na nag\u0142e zwi\u0119kszenie zapotrzebowania na nasze us\u0142ugi\u200b.<\/li>\n<li>Zaanga\u017cowanie &#8211; nie zostawiamy niczego przypadkowi &#8211; regularnie prowadzimy nadz\u00f3r.<br \/>\nnad powierzonymi zadaniami oraz jako\u015bci\u0105 ich wykonywania\u200b.<\/li>\n<li>Przejrzysto\u015b\u0107 &#8211; prowadzimy ewidencj\u0119 wykonywanych dzia\u0142a\u0144 oraz us\u0142ug, dzi\u0119ki czemu<br \/>\nw ka\u017cdym momencie klient ma wgl\u0105d w nasze dzia\u0142ania .<\/li>\n<li>Nasi klienci w pe\u0142ni mog\u0105 odda\u0107 nam w zarz\u0105dzanie dzia\u0142 przygotowania pojazd\u00f3w<br \/>\n&#8211; to my robimy zam\u00f3wienia, zajmujemy si\u0119 awariami, szkolimy pracownik\u00f3w.<br \/>\nJedyne czego potrzebujemy to miejsce.\u200b<\/li>\n<li>Oszcz\u0119dno\u015b\u0107 &#8211; \u0142atwe prognozowanie koszt\u00f3w poprzez zrycza\u0142towane stawki us\u0142ug,<br \/>\nkompensacja koszt\u00f3w dzia\u0142u myjni, poprzez sprzeda\u017c us\u0142ug detailingowych<br \/>\nw ramach innych dzia\u0142\u00f3w np. serwis, dzia\u0142 aut u\u017cywanych oraz nowych\u200b.<\/li>\n<\/ul>\n<p>[\/vc_column_text][\/vc_column][\/vc_row]<\/p>\n<\/div>","protected":false},"excerpt":{"rendered":"<p>[vc_row][vc_column][\/vc_column][\/vc_row][vc_row][vc_column][vc_empty_space][\/vc_column][\/vc_row][vc_row][vc_column][vc_column_text css=&#8221;&#8221;] Kim jeste\u015bmy Prointelia to polska firma zajmuj\u0105ca si\u0119 outsourcingiem pracownik\u00f3w oraz zapewnieniem us\u0142ug niezb\u0119dnych w bran\u017cy automotive. Rozpoznaj\u0105c [&hellip;]<\/p>\n","protected":false},"author":1,"featured_media":0,"parent":0,"menu_order":0,"comment_status":"closed","ping_status":"closed","template":"","meta":{"site-sidebar-layout":"no-sidebar","site-content-layout":"plain-container","ast-site-content-layout":"default","site-content-style":"default","site-sidebar-style":"default","ast-global-header-display":"","ast-banner-title-visibility":"","ast-main-header-display":"","ast-hfb-above-header-display":"","ast-hfb-below-header-display":"","ast-hfb-mobile-header-display":"","site-post-title":"disabled","ast-breadcrumbs-content":"","ast-featured-img":"disabled","footer-sml-layout":"","ast-disable-related-posts":"","theme-transparent-header-meta":"default","adv-header-id-meta":"","stick-header-meta":"","header-above-stick-meta":"","header-main-stick-meta":"","header-below-stick-meta":"","astra-migrate-meta-layouts":"set","ast-page-background-enabled":"default","ast-page-background-meta":{"desktop":{"background-color":"var(--ast-global-color-5)","background-image":"","background-repeat":"repeat","background-position":"center center","background-size":"auto","background-attachment":"scroll","background-type":"","background-media":"","overlay-type":"","overlay-color":"","overlay-opacity":"","overlay-gradient":""},"tablet":{"background-color":"","background-image":"","background-repeat":"repeat","background-position":"center center","background-size":"auto","background-attachment":"scroll","background-type":"","background-media":"","overlay-type":"","overlay-color":"","overlay-opacity":"","overlay-gradient":""},"mobile":{"background-color":"","background-image":"","background-repeat":"repeat","background-position":"center center","background-size":"auto","background-attachment":"scroll","background-type":"","background-media":"","overlay-type":"","overlay-color":"","overlay-opacity":"","overlay-gradient":""}},"ast-content-background-meta":{"desktop":{"background-color":"var(--ast-global-color-4)","background-image":"","background-repeat":"repeat","background-position":"center center","background-size":"auto","background-attachment":"scroll","background-type":"","background-media":"","overlay-type":"","overlay-color":"","overlay-opacity":"","overlay-gradient":""},"tablet":{"background-color":"var(--ast-global-color-4)","background-image":"","background-repeat":"repeat","background-position":"center center","background-size":"auto","background-attachment":"scroll","background-type":"","background-media":"","overlay-type":"","overlay-color":"","overlay-opacity":"","overlay-gradient":""},"mobile":{"background-color":"var(--ast-global-color-4)","background-image":"","background-repeat":"repeat","background-position":"center center","background-size":"auto","background-attachment":"scroll","background-type":"","background-media":"","overlay-type":"","overlay-color":"","overlay-opacity":"","overlay-gradient":""}},"footnotes":""},"class_list":["post-2","page","type-page","status-publish","hentry"],"_links":{"self":[{"href":"https:\/\/prointelia.pl\/index.php\/wp-json\/wp\/v2\/pages\/2","targetHints":{"allow":["GET"]}}],"collection":[{"href":"https:\/\/prointelia.pl\/index.php\/wp-json\/wp\/v2\/pages"}],"about":[{"href":"https:\/\/prointelia.pl\/index.php\/wp-json\/wp\/v2\/types\/page"}],"author":[{"embeddable":true,"href":"https:\/\/prointelia.pl\/index.php\/wp-json\/wp\/v2\/users\/1"}],"replies":[{"embeddable":true,"href":"https:\/\/prointelia.pl\/index.php\/wp-json\/wp\/v2\/comments?post=2"}],"version-history":[{"count":29,"href":"https:\/\/prointelia.pl\/index.php\/wp-json\/wp\/v2\/pages\/2\/revisions"}],"predecessor-version":[{"id":134,"href":"https:\/\/prointelia.pl\/index.php\/wp-json\/wp\/v2\/pages\/2\/revisions\/134"}],"wp:attachment":[{"href":"https:\/\/prointelia.pl\/index.php\/wp-json\/wp\/v2\/media?parent=2"}],"curies":[{"name":"wp","href":"https:\/\/api.w.org\/{rel}","templated":true}]}}